{"id":60,"date":"2025-07-02T13:46:07","date_gmt":"2025-07-02T13:46:07","guid":{"rendered":"https:\/\/colosso.org\/?page_id=60"},"modified":"2025-07-17T06:39:46","modified_gmt":"2025-07-17T06:39:46","slug":"transport-de-personnes","status":"publish","type":"page","link":"https:\/\/colosso.org\/fr\/trasporto-persone\/","title":{"rendered":"Transport de personnes"},"content":{"rendered":"<p><img loading=\"lazy\" decoding=\"async\" width=\"612\" height=\"408\" src=\"https:\/\/colosso.org\/wp-content\/uploads\/2025\/07\/Immagine_WhatsApp_2025-07-16_ore_22.45.10_7e485d2a-removebg-preview.png\" alt=\"\" srcset=\"https:\/\/colosso.org\/wp-content\/uploads\/2025\/07\/Immagine_WhatsApp_2025-07-16_ore_22.45.10_7e485d2a-removebg-preview.png 612w, https:\/\/colosso.org\/wp-content\/smush-webp\/2025\/07\/Immagine_WhatsApp_2025-07-16_ore_22.45.10_7e485d2a-removebg-preview-300x200.png.webp 300w\" sizes=\"auto, (max-width: 612px) 100vw, 612px\" data-smush-webp-fallback=\"{&quot;srcset&quot;:&quot;https:\\\/\\\/colosso.org\\\/wp-content\\\/uploads\\\/2025\\\/07\\\/Immagine_WhatsApp_2025-07-16_ore_22.45.10_7e485d2a-removebg-preview.png 612w, https:\\\/\\\/colosso.org\\\/wp-content\\\/uploads\\\/2025\\\/07\\\/Immagine_WhatsApp_2025-07-16_ore_22.45.10_7e485d2a-removebg-preview-300x200.png 300w&quot;}\" \/>\t\t\t\t\t\t\t\t\t\t\t\t\t\t\t<\/p>\n<h2>Un service professionnel, ponctuel et sur mesure<\/h2>\n<p>L'agence Colosso propose un service de transport de personnes op\u00e9rant \u00e0 Rome et dans sa province, con\u00e7u pour garantir la s\u00e9curit\u00e9, la ponctualit\u00e9 et le confort de chaque trajet. Qu'il s'agisse d'un transfert priv\u00e9, d'un service pour les entreprises ou d'un soutien pour des \u00e9v\u00e9nements, nous mettons \u00e0 votre disposition des chauffeurs professionnels et des v\u00e9hicules confortables pour r\u00e9pondre \u00e0 tous les besoins de mobilit\u00e9.<\/p>\n<h2>Qui peut utiliser notre service ?<\/h2>\n<p>\t\t\t<svg aria-hidden=\"true\" viewbox=\"0 0 576 512\" xmlns=\"http:\/\/www.w3.org\/2000\/svg\"><path d=\"M96,128A64,64,0,1,0,32,64,64,64,0,0,0,96,128Zm0,176.08a44.11,44.11,0,0,1,13.64-32L181.77,204c1.65-1.55,3.77-2.31,5.61-3.57A63.91,63.91,0,0,0,128,160H64A64,64,0,0,0,0,224v96a32,32,0,0,0,32,32V480a32,32,0,0,0,32,32h64a32,32,0,0,0,32-32V383.61l-50.36-47.53A44.08,44.08,0,0,1,96,304.08ZM480,128a64,64,0,1,0-64-64A64,64,0,0,0,480,128Zm32,32H448a63.91,63.91,0,0,0-59.38,40.42c1.84,1.27,4,2,5.62,3.59l72.12,68.06a44.37,44.37,0,0,1,0,64L416,383.62V480a32,32,0,0,0,32,32h64a32,32,0,0,0,32-32V352a32,32,0,0,0,32-32V224A64,64,0,0,0,512,160ZM444.4,295.34l-72.12-68.06A12,12,0,0,0,352,236v36H224V236a12,12,0,0,0-20.28-8.73L131.6,295.34a12.4,12.4,0,0,0,0,17.47l72.12,68.07A12,12,0,0,0,224,372.14V336H352v36.14a12,12,0,0,0,20.28,8.74l72.12-68.07A12.4,12.4,0,0,0,444.4,295.34Z\"><\/path><\/svg>\t\t\t<\/p>\n<h2>Individus et familles<\/h2>\n<p>Nous offrons des solutions id\u00e9ales pour les d\u00e9placements urbains et extra-urbains, les rendez-vous m\u00e9dicaux, les excursions, les c\u00e9r\u00e9monies ou les transferts personnels, avec la certitude de pouvoir compter sur un partenaire ponctuel et discret.<\/p>\n<p>\t\t\t<svg aria-hidden=\"true\" viewbox=\"0 0 448 512\" xmlns=\"http:\/\/www.w3.org\/2000\/svg\"><path d=\"M436 480h-20V24c0-13.255-10.745-24-24-24H56C42.745 0 32 10.745 32 24v456H12c-6.627 0-12 5.373-12 12v20h448v-20c0-6.627-5.373-12-12-12zM128 76c0-6.627 5.373-12 12-12h40c6.627 0 12 5.373 12 12v40c0 6.627-5.373 12-12 12h-40c-6.627 0-12-5.373-12-12V76zm0 96c0-6.627 5.373-12 12-12h40c6.627 0 12 5.373 12 12v40c0 6.627-5.373 12-12 12h-40c-6.627 0-12-5.373-12-12v-40zm52 148h-40c-6.627 0-12-5.373-12-12v-40c0-6.627 5.373-12 12-12h40c6.627 0 12 5.373 12 12v40c0 6.627-5.373 12-12 12zm76 160h-64v-84c0-6.627 5.373-12 12-12h40c6.627 0 12 5.373 12 12v84zm64-172c0 6.627-5.373 12-12 12h-40c-6.627 0-12-5.373-12-12v-40c0-6.627 5.373-12 12-12h40c6.627 0 12 5.373 12 12v40zm0-96c0 6.627-5.373 12-12 12h-40c-6.627 0-12-5.373-12-12v-40c0-6.627 5.373-12 12-12h40c6.627 0 12 5.373 12 12v40zm0-96c0 6.627-5.373 12-12 12h-40c-6.627 0-12-5.373-12-12V76c0-6.627 5.373-12 12-12h40c6.627 0 12 5.373 12 12v40z\"><\/path><\/svg>\t\t\t<\/p>\n<h2>Entreprises et professionnels<\/h2>\n<p>Nous prenons en charge les transferts depuis et vers les a\u00e9roports, les gares et les r\u00e9unions d'entreprise, avec des solutions d\u00e9di\u00e9es pour les cadres, les clients et les employ\u00e9s. Service flexible et personnalisable, \u00e9galement disponible sur une base r\u00e9guli\u00e8re.<\/p>\n<h2>Ce que nous proposons<\/h2>\n<p>V\u00e9hicules spacieux, climatis\u00e9s et r\u00e9guli\u00e8rement nettoy\u00e9s.<\/p>\n<p>Chauffeurs certifi\u00e9s ayant de l'exp\u00e9rience dans le transport priv\u00e9<\/p>\n<p>Des tarifs transparents et personnalis\u00e9s<\/p>\n<p>Couverture capillaire \u00e0 Rome et en province<\/p>\n<p>Services disponibles 7 jours sur 7, \u00e9galement sur r\u00e9servation.<\/p>\n<p>\u00a0\t\t<\/p>\n<h2>Pourquoi choisir l'Agence Colosso<\/h2>\n<p><img decoding=\"async\" role=\"img\" draggable=\"false\" src=\"https:\/\/s.w.org\/images\/core\/emoji\/15.1.0\/svg\/2705.svg\" alt=\"\u2705\" loading=\"lazy\" \/> Ponctualit\u00e9 maximale sur tous les itin\u00e9raires<\/p>\n<p><img decoding=\"async\" style=\"background-color: #ffffff; font-size: 1rem;\" role=\"img\" draggable=\"false\" src=\"https:\/\/s.w.org\/images\/core\/emoji\/15.1.0\/svg\/2705.svg\" alt=\"\u2705\" loading=\"lazy\" \/> Professionnalisme et courtoisie des chauffeurs<\/p>\n<p><img decoding=\"async\" style=\"background-color: #ffffff; font-size: 1rem;\" role=\"img\" draggable=\"false\" src=\"https:\/\/s.w.org\/images\/core\/emoji\/15.1.0\/svg\/2705.svg\" alt=\"\u2705\" loading=\"lazy\" \/> De nombreuses ann\u00e9es d'exp\u00e9rience dans le secteur des transports<\/p>\n<p><img decoding=\"async\" style=\"background-color: #ffffff; font-size: 1rem;\" role=\"img\" draggable=\"false\" src=\"https:\/\/s.w.org\/images\/core\/emoji\/15.1.0\/svg\/2705.svg\" alt=\"\u2705\" loading=\"lazy\" \/> Des services qui s'adaptent \u00e0 tous les besoins, m\u00eame les plus urgents<\/p>\n<p><img decoding=\"async\" style=\"background-color: #ffffff; font-size: 1rem;\" role=\"img\" draggable=\"false\" src=\"https:\/\/s.w.org\/images\/core\/emoji\/15.1.0\/svg\/2705.svg\" alt=\"\u2705\" loading=\"lazy\" \/> Centre d'op\u00e9rations toujours actif pour le soutien et la coordination<\/p>\n<p>\u00a0\t\t<\/p>\n<h2>Fonctionnement du service<\/h2>\n<p>\t\t\t<svg aria-hidden=\"true\" viewbox=\"0 0 576 512\" xmlns=\"http:\/\/www.w3.org\/2000\/svg\"><path d=\"M532 386.2c27.5-27.1 44-61.1 44-98.2 0-80-76.5-146.1-176.2-157.9C368.3 72.5 294.3 32 208 32 93.1 32 0 103.6 0 192c0 37 16.5 71 44 98.2-15.3 30.7-37.3 54.5-37.7 54.9-6.3 6.7-8.1 16.5-4.4 25 3.6 8.5 12 14 21.2 14 53.5 0 96.7-20.2 125.2-38.8 9.2 2.1 18.7 3.7 28.4 4.9C208.1 407.6 281.8 448 368 448c20.8 0 40.8-2.4 59.8-6.8C456.3 459.7 499.4 480 553 480c9.2 0 17.5-5.5 21.2-14 3.6-8.5 1.9-18.3-4.4-25-.4-.3-22.5-24.1-37.8-54.8zm-392.8-92.3L122.1 305c-14.1 9.1-28.5 16.3-43.1 21.4 2.7-4.7 5.4-9.7 8-14.8l15.5-31.1L77.7 256C64.2 242.6 48 220.7 48 192c0-60.7 73.3-112 160-112s160 51.3 160 112-73.3 112-160 112c-16.5 0-33-1.9-49-5.6l-19.8-4.5zM498.3 352l-24.7 24.4 15.5 31.1c2.6 5.1 5.3 10.1 8 14.8-14.6-5.1-29-12.3-43.1-21.4l-17.1-11.1-19.9 4.6c-16 3.7-32.5 5.6-49 5.6-54 0-102.2-20.1-131.3-49.7C338 339.5 416 272.9 416 192c0-3.4-.4-6.7-.7-10C479.7 196.5 528 238.8 528 288c0 28.7-16.2 50.6-29.7 64z\"><\/path><\/svg>\t\t\t<\/p>\n<h2>1. Demande de service<\/h2>\n<p>Vous pouvez nous contacter par t\u00e9l\u00e9phone, par e-mail ou en remplissant notre formulaire en ligne. Nous vous r\u00e9pondrons rapidement avec un devis personnalis\u00e9.<\/p>\n<p>\t\t\t<svg aria-hidden=\"true\" viewbox=\"0 0 576 512\" xmlns=\"http:\/\/www.w3.org\/2000\/svg\"><path d=\"M532 386.2c27.5-27.1 44-61.1 44-98.2 0-80-76.5-146.1-176.2-157.9C368.3 72.5 294.3 32 208 32 93.1 32 0 103.6 0 192c0 37 16.5 71 44 98.2-15.3 30.7-37.3 54.5-37.7 54.9-6.3 6.7-8.1 16.5-4.4 25 3.6 8.5 12 14 21.2 14 53.5 0 96.7-20.2 125.2-38.8 9.2 2.1 18.7 3.7 28.4 4.9C208.1 407.6 281.8 448 368 448c20.8 0 40.8-2.4 59.8-6.8C456.3 459.7 499.4 480 553 480c9.2 0 17.5-5.5 21.2-14 3.6-8.5 1.9-18.3-4.4-25-.4-.3-22.5-24.1-37.8-54.8zm-392.8-92.3L122.1 305c-14.1 9.1-28.5 16.3-43.1 21.4 2.7-4.7 5.4-9.7 8-14.8l15.5-31.1L77.7 256C64.2 242.6 48 220.7 48 192c0-60.7 73.3-112 160-112s160 51.3 160 112-73.3 112-160 112c-16.5 0-33-1.9-49-5.6l-19.8-4.5zM498.3 352l-24.7 24.4 15.5 31.1c2.6 5.1 5.3 10.1 8 14.8-14.6-5.1-29-12.3-43.1-21.4l-17.1-11.1-19.9 4.6c-16 3.7-32.5 5.6-49 5.6-54 0-102.2-20.1-131.3-49.7C338 339.5 416 272.9 416 192c0-3.4-.4-6.7-.7-10C479.7 196.5 528 238.8 528 288c0 28.7-16.2 50.6-29.7 64z\"><\/path><\/svg>\t\t\t<\/p>\n<h2>2. Confirmation et d\u00e9tails<\/h2>\n<p>Une fois votre r\u00e9servation confirm\u00e9e, vous recevrez toutes les informations utiles : nom du chauffeur, heure exacte, v\u00e9hicule utilis\u00e9.<\/p>\n<p>\t\t\t<svg aria-hidden=\"true\" viewbox=\"0 0 576 512\" xmlns=\"http:\/\/www.w3.org\/2000\/svg\"><path d=\"M532 386.2c27.5-27.1 44-61.1 44-98.2 0-80-76.5-146.1-176.2-157.9C368.3 72.5 294.3 32 208 32 93.1 32 0 103.6 0 192c0 37 16.5 71 44 98.2-15.3 30.7-37.3 54.5-37.7 54.9-6.3 6.7-8.1 16.5-4.4 25 3.6 8.5 12 14 21.2 14 53.5 0 96.7-20.2 125.2-38.8 9.2 2.1 18.7 3.7 28.4 4.9C208.1 407.6 281.8 448 368 448c20.8 0 40.8-2.4 59.8-6.8C456.3 459.7 499.4 480 553 480c9.2 0 17.5-5.5 21.2-14 3.6-8.5 1.9-18.3-4.4-25-.4-.3-22.5-24.1-37.8-54.8zm-392.8-92.3L122.1 305c-14.1 9.1-28.5 16.3-43.1 21.4 2.7-4.7 5.4-9.7 8-14.8l15.5-31.1L77.7 256C64.2 242.6 48 220.7 48 192c0-60.7 73.3-112 160-112s160 51.3 160 112-73.3 112-160 112c-16.5 0-33-1.9-49-5.6l-19.8-4.5zM498.3 352l-24.7 24.4 15.5 31.1c2.6 5.1 5.3 10.1 8 14.8-14.6-5.1-29-12.3-43.1-21.4l-17.1-11.1-19.9 4.6c-16 3.7-32.5 5.6-49 5.6-54 0-102.2-20.1-131.3-49.7C338 339.5 416 272.9 416 192c0-3.4-.4-6.7-.7-10C479.7 196.5 528 238.8 528 288c0 28.7-16.2 50.6-29.7 64z\"><\/path><\/svg>\t\t\t<\/p>\n<h2>3. Transport et assistance<\/h2>\n<p>Notre chauffeur sera \u00e0 l'heure au point convenu et vous conduira discr\u00e8tement et en toute s\u00e9curit\u00e9 \u00e0 votre destination.<\/p>\n<h2>Questions fr\u00e9quemment pos\u00e9es<br \/>Transport de personnes Colossus<\/h2>\n<h2>Quelles sont les r\u00e9gions desservies ?<\/h2>\n<p>\u00a0Nous sommes principalement actifs \u00e0 Rome et dans toutes les municipalit\u00e9s de la province. Nous couvrons \u00e9galement les d\u00e9placements dans d'autres villes sur demande.<\/p>\n<h2>Est-il possible de r\u00e9server pour un groupe ?<\/h2>\n<p>\u00a0Oui, nous disposons \u00e9galement de v\u00e9hicules pour les petits groupes (jusqu'\u00e0 8 places). Pour des besoins plus importants, nous pouvons organiser plus de v\u00e9hicules.<\/p>\n<h2>Quelle est la date limite de r\u00e9servation ?<\/h2>\n<p>\u00a0Il est recommand\u00e9 de s'y prendre au moins 24 heures \u00e0 l'avance, mais en cas d'urgence, nous pouvons \u00e9galement intervenir dans les heures qui suivent, en fonction des disponibilit\u00e9s.<\/p>\n<p>\t\t\t\t\t\t\t\t\t\t\t\t\t\t\t<img loading=\"lazy\" decoding=\"async\" width=\"500\" height=\"500\" src=\"https:\/\/colosso.org\/wp-content\/uploads\/2025\/07\/Immagine_WhatsApp_2025-07-16_ore_22.28.18_d13a1579-removebg-preview.png\" alt=\"\" srcset=\"https:\/\/colosso.org\/wp-content\/uploads\/2025\/07\/Immagine_WhatsApp_2025-07-16_ore_22.28.18_d13a1579-removebg-preview.png 500w, https:\/\/colosso.org\/wp-content\/smush-webp\/2025\/07\/Immagine_WhatsApp_2025-07-16_ore_22.28.18_d13a1579-removebg-preview-300x300.png.webp 300w, https:\/\/colosso.org\/wp-content\/smush-webp\/2025\/07\/Immagine_WhatsApp_2025-07-16_ore_22.28.18_d13a1579-removebg-preview-150x150.png.webp 150w\" sizes=\"auto, (max-width: 500px) 100vw, 500px\" data-smush-webp-fallback=\"{&quot;srcset&quot;:&quot;https:\\\/\\\/colosso.org\\\/wp-content\\\/uploads\\\/2025\\\/07\\\/Immagine_WhatsApp_2025-07-16_ore_22.28.18_d13a1579-removebg-preview.png 500w, https:\\\/\\\/colosso.org\\\/wp-content\\\/uploads\\\/2025\\\/07\\\/Immagine_WhatsApp_2025-07-16_ore_22.28.18_d13a1579-removebg-preview-300x300.png 300w, https:\\\/\\\/colosso.org\\\/wp-content\\\/uploads\\\/2025\\\/07\\\/Immagine_WhatsApp_2025-07-16_ore_22.28.18_d13a1579-removebg-preview-150x150.png 150w&quot;}\" \/>\t\t\t\t\t\t\t\t\t\t\t\t\t\t\t<\/p>\n<h2>R\u00e9servez d\u00e8s maintenant votre transport avec l'agence Colosso<\/h2>\n<p>Faites confiance \u00e0 une \u00e9quipe exp\u00e9riment\u00e9e et organis\u00e9e pour vos d\u00e9placements \u00e0 Rome et dans les environs.<\/p>\n<p>\u00a0<br \/>\n\t\t\t\t\t<a href=\"https:\/\/colosso.org\/fr\/contact\/\"><br \/>\n\t\t\t\t\t\t\t\t\tContactez-nous<br \/>\n\t\t\t\t\t<\/a><\/p>","protected":false},"excerpt":{"rendered":"<p>Servizio professionale, puntuale e su misura Colosso Agency offre un servizio di trasporto persone operativo su Roma e provincia, pensato per garantire sicurezza, puntualit\u00e0 e comfort a ogni viaggio. Che si tratti di un trasferimento privato, un servizio per aziende o un supporto per eventi, mettiamo a disposizione autisti professionisti e veicoli confortevoli per soddisfare [&hellip;]<\/p>\n","protected":false},"author":1,"featured_media":0,"parent":0,"menu_order":0,"comment_status":"closed","ping_status":"closed","template":"","meta":{"_breakdance_hide_in_design_set":false,"_breakdance_tags":"","footnotes":""},"class_list":["post-60","page","type-page","status-publish","hentry"],"_links":{"self":[{"href":"https:\/\/colosso.org\/fr\/wp-json\/wp\/v2\/pages\/60","targetHints":{"allow":["GET"]}}],"collection":[{"href":"https:\/\/colosso.org\/fr\/wp-json\/wp\/v2\/pages"}],"about":[{"href":"https:\/\/colosso.org\/fr\/wp-json\/wp\/v2\/types\/page"}],"author":[{"embeddable":true,"href":"https:\/\/colosso.org\/fr\/wp-json\/wp\/v2\/users\/1"}],"replies":[{"embeddable":true,"href":"https:\/\/colosso.org\/fr\/wp-json\/wp\/v2\/comments?post=60"}],"version-history":[{"count":0,"href":"https:\/\/colosso.org\/fr\/wp-json\/wp\/v2\/pages\/60\/revisions"}],"wp:attachment":[{"href":"https:\/\/colosso.org\/fr\/wp-json\/wp\/v2\/media?parent=60"}],"curies":[{"name":"wp","href":"https:\/\/api.w.org\/{rel}","templated":true}]}}